{"id":2490,"date":"2024-05-13T21:32:22","date_gmt":"2024-05-14T00:32:22","guid":{"rendered":"https:\/\/idsa.situati.net\/site\/?page_id=2490"},"modified":"2024-09-02T21:29:47","modified_gmt":"2024-09-03T00:29:47","slug":"concurso-de-monografias-en","status":"publish","type":"page","link":"https:\/\/idsa.org.br\/site\/en\/concurso-de-monografias-en\/","title":{"rendered":"Concurso de monografias"},"content":{"rendered":"<div class=\"gb-container gb-container-823cd080\">\n<div class=\"gb-container gb-container-39fb65d5\">\n\n<h3 class=\"gb-headline gb-headline-775ab39e gb-headline-text\"><strong>1\u00ba Concurso de Monografia (2020)<\/strong><\/h3>\n\n\n\n<p><strong>1\u00ba lugar \u2013 Jo\u00e3o Pedro Werneck de Britto Pereira<\/strong><br><em>Short Selling Activism \u2013 Uma an\u00e1lise \u00e0 luz do il\u00edcito administrativo de manipula\u00e7\u00e3o de pre\u00e7os<\/em><\/p>\n\n\n\n<p><strong>2\u00ba lugar \u2013 Luiza Camanho Katchadur Telles<\/strong><br><em>A teoria do terceiro c\u00famplice no \u00e2mbito dos contratos empresariais<\/em><\/p>\n\n\n\n<p><strong>3\u00ba lugar \u2013 Cainan Gea<\/strong><br><em>Voto Plural na Sociedade An\u00f4nima<\/em><\/p>\n\n\n\n<p><strong>Comiss\u00e3o Avaliadora:<\/strong><br>Ana L\u00facia Arduin<br>Marcelo Guedes Nunes<br>Marcelo Vieira von Adamek<br>Maristella Rossetti<br>Renato Jabur<\/p>\n\n<\/div>\n<\/div>","protected":false},"excerpt":{"rendered":"<p>1\u00ba Concurso de Monografia (2020) 1\u00ba lugar \u2013 Jo\u00e3o Pedro Werneck de Britto PereiraShort Selling Activism \u2013 Uma an\u00e1lise \u00e0 luz do il\u00edcito administrativo de manipula\u00e7\u00e3o de pre\u00e7os 2\u00ba lugar \u2013 Luiza Camanho Katchadur TellesA teoria do terceiro c\u00famplice no \u00e2mbito dos contratos empresariais 3\u00ba lugar \u2013 Cainan GeaVoto Plural na Sociedade An\u00f4nima Comiss\u00e3o Avaliadora:Ana &#8230; <a title=\"Concurso de monografias\" class=\"read-more\" href=\"https:\/\/idsa.org.br\/site\/en\/concurso-de-monografias-en\/\" aria-label=\"Read more about Concurso de monografias\">Leia mais<\/a><\/p>\n","protected":false},"author":1,"featured_media":0,"parent":0,"menu_order":0,"comment_status":"closed","ping_status":"closed","template":"","meta":{"_acf_changed":false,"inline_featured_image":false,"pgc_sgb_lightbox_settings":"","footnotes":""},"class_list":["post-2490","page","type-page","status-publish"],"acf":[],"_links":{"self":[{"href":"https:\/\/idsa.org.br\/site\/wp-json\/wp\/v2\/pages\/2490","targetHints":{"allow":["GET"]}}],"collection":[{"href":"https:\/\/idsa.org.br\/site\/wp-json\/wp\/v2\/pages"}],"about":[{"href":"https:\/\/idsa.org.br\/site\/wp-json\/wp\/v2\/types\/page"}],"author":[{"embeddable":true,"href":"https:\/\/idsa.org.br\/site\/wp-json\/wp\/v2\/users\/1"}],"replies":[{"embeddable":true,"href":"https:\/\/idsa.org.br\/site\/wp-json\/wp\/v2\/comments?post=2490"}],"version-history":[{"count":1,"href":"https:\/\/idsa.org.br\/site\/wp-json\/wp\/v2\/pages\/2490\/revisions"}],"predecessor-version":[{"id":3916,"href":"https:\/\/idsa.org.br\/site\/wp-json\/wp\/v2\/pages\/2490\/revisions\/3916"}],"wp:attachment":[{"href":"https:\/\/idsa.org.br\/site\/wp-json\/wp\/v2\/media?parent=2490"}],"curies":[{"name":"wp","href":"https:\/\/api.w.org\/{rel}","templated":true}]}}