{"id":35,"date":"2023-03-22T21:15:01","date_gmt":"2023-03-23T00:15:01","guid":{"rendered":"https:\/\/idsa.situati.net\/site\/?page_id=35"},"modified":"2024-09-02T19:49:31","modified_gmt":"2024-09-02T22:49:31","slug":"reunioes-mensais","status":"publish","type":"page","link":"https:\/\/idsa.org.br\/site\/reunioes-mensais\/","title":{"rendered":"Reuni\u00f5es Mensais"},"content":{"rendered":"<div class=\"gb-container gb-container-0c7b5eeb\">\n<div class=\"gb-container gb-container-b5226d91\">\n\n<p class=\"has-text-align-center subheading\">O IDSA promove reuni\u00f5es mensais para debater temas ligados ao Direito Empresarial. As reuni\u00f5es s\u00e3o privativas aos Associados, podendo contar com a participa\u00e7\u00e3o de seletos convidados. <\/p>\n\n<\/div>\n<\/div>","protected":false},"excerpt":{"rendered":"<p>O IDSA promove reuni\u00f5es mensais para debater temas ligados ao Direito Empresarial. As reuni\u00f5es s\u00e3o privativas aos Associados, podendo contar com a participa\u00e7\u00e3o de seletos convidados.<\/p>\n","protected":false},"author":1,"featured_media":0,"parent":0,"menu_order":0,"comment_status":"closed","ping_status":"closed","template":"","meta":{"_acf_changed":false,"inline_featured_image":false,"pgc_sgb_lightbox_settings":"","footnotes":""},"class_list":["post-35","page","type-page","status-publish"],"acf":[],"_links":{"self":[{"href":"https:\/\/idsa.org.br\/site\/wp-json\/wp\/v2\/pages\/35","targetHints":{"allow":["GET"]}}],"collection":[{"href":"https:\/\/idsa.org.br\/site\/wp-json\/wp\/v2\/pages"}],"about":[{"href":"https:\/\/idsa.org.br\/site\/wp-json\/wp\/v2\/types\/page"}],"author":[{"embeddable":true,"href":"https:\/\/idsa.org.br\/site\/wp-json\/wp\/v2\/users\/1"}],"replies":[{"embeddable":true,"href":"https:\/\/idsa.org.br\/site\/wp-json\/wp\/v2\/comments?post=35"}],"version-history":[{"count":0,"href":"https:\/\/idsa.org.br\/site\/wp-json\/wp\/v2\/pages\/35\/revisions"}],"wp:attachment":[{"href":"https:\/\/idsa.org.br\/site\/wp-json\/wp\/v2\/media?parent=35"}],"curies":[{"name":"wp","href":"https:\/\/api.w.org\/{rel}","templated":true}]}}