{"id":401,"date":"2023-03-23T21:02:34","date_gmt":"2023-03-24T00:02:34","guid":{"rendered":"https:\/\/idsa.situati.net\/site\/?page_id=401"},"modified":"2025-10-10T11:52:34","modified_gmt":"2025-10-10T14:52:34","slug":"quem-somos","status":"publish","type":"page","link":"https:\/\/idsa.org.br\/site\/quem-somos\/","title":{"rendered":"Quem Somos"},"content":{"rendered":"\t\t<div data-elementor-type=\"wp-page\" data-elementor-id=\"401\" class=\"elementor elementor-401\" data-elementor-post-type=\"page\">\n\t\t\t\t<div class=\"elementor-element elementor-element-57c7335 e-flex e-con-boxed e-con e-parent\" data-id=\"57c7335\" data-element_type=\"container\">\n\t\t\t\t\t<div class=\"e-con-inner\">\n\t\t\t\t<div class=\"elementor-element elementor-element-2cae5da elementor-widget elementor-widget-text-editor\" data-id=\"2cae5da\" data-element_type=\"widget\" data-widget_type=\"text-editor.default\">\n\t\t\t\t<div class=\"elementor-widget-container\">\n\t\t\t\t\t\t\t\t\t<div class=\"gb-container gb-container-0c7b5eeb\"><div class=\"gb-container gb-container-b5226d91\">\n<p>O Instituto de Direito Societ\u00e1rio Aplicado \u2013 IDSA \u00e9 uma associa\u00e7\u00e3o civil, sem fins lucrativos, de pesquisa, fomento e promo\u00e7\u00e3o do direito societ\u00e1rio e mercado de capitais, atrav\u00e9s de estudos e debates.<\/p>\n\n<p>Nasceu da iniciativa de um grupo de advogados, estudiosos do direito societ\u00e1rio e do mercado de capitais, que se reuniam, mensalmente, para debater temas relacionados ao que viria a ser o objeto do IDSA.<\/p>\n\n<p>A qualidade dos debates e, principalmente, dos participantes, incentivou a cria\u00e7\u00e3o de uma pessoa jur\u00eddica, em 27 de janeiro de 2005, 10 meses ap\u00f3s o despretensioso primeiro encontro.<\/p>\n\n<p>Este \u00e9, a prop\u00f3sito, o principal eixo do Instituto: reuni\u00f5es peri\u00f3dicas, nas quais seus membros debatem um tema previamente selecionado. O segundo eixo consiste na troca permanente, entre seus membros, de informa\u00e7\u00f5es, artigos, decis\u00f5es acerca do direito societ\u00e1rio e do mercado de capitais.<\/p>\n\n<p>O terceiro e \u00faltimo \u2013 mas n\u00e3o menos importante \u2013 decorre da natureza do IDSA. Por tratar-se de Instituto constitu\u00eddo para pesquisar, fomentar e promover o conhecimento, o resultado de suas investiga\u00e7\u00f5es \u00e9 divulgado, de modo a contribuir com o debate acad\u00eamico e, fundamentalmente, para ajudar os profissionais que atuam nessas \u00e1reas.<\/p>\n\n<p>E isso pode se dar de duas formas: (i) organiza\u00e7\u00e3o de obras coletivas ou participa\u00e7\u00e3o de seus membros em obras coletivas ou em revistas especializadas e o incentivo \u00e0 publica\u00e7\u00e3o de monografias; e (ii) realiza\u00e7\u00e3o de palestras e semin\u00e1rios ou participa\u00e7\u00e3o de seus membros em eventos de tais naturezas.<\/p>\n<\/div><\/div>\t\t\t\t\t\t\t\t<\/div>\n\t\t\t\t<\/div>\n\t\t\t\t<div class=\"elementor-element elementor-element-036c64c id-accordion elementor-widget elementor-widget-n-accordion\" data-id=\"036c64c\" data-element_type=\"widget\" data-settings=\"{&quot;default_state&quot;:&quot;all_collapsed&quot;,&quot;max_items_expended&quot;:&quot;one&quot;,&quot;n_accordion_animation_duration&quot;:{&quot;unit&quot;:&quot;ms&quot;,&quot;size&quot;:400,&quot;sizes&quot;:[]}}\" data-widget_type=\"nested-accordion.default\">\n\t\t\t\t<div class=\"elementor-widget-container\">\n\t\t\t\t\t\t\t<div class=\"e-n-accordion\" aria-label=\"Accordion. Open links with Enter or Space, close with Escape, and navigate with Arrow Keys\">\n\t\t\t\t\t\t<details id=\"e-n-accordion-item-3580\" class=\"e-n-accordion-item\" >\n\t\t\t\t<summary class=\"e-n-accordion-item-title\" data-accordion-index=\"1\" tabindex=\"0\" aria-expanded=\"false\" aria-controls=\"e-n-accordion-item-3580\" >\n\t\t\t\t\t<span class='e-n-accordion-item-title-header'><div class=\"e-n-accordion-item-title-text\"> Diretoria <\/div><\/span>\n\t\t\t\t\t\t\t<span class='e-n-accordion-item-title-icon'>\n\t\t\t<span class='e-opened' ><svg aria-hidden=\"true\" class=\"e-font-icon-svg e-fas-minus\" viewBox=\"0 0 448 512\" xmlns=\"http:\/\/www.w3.org\/2000\/svg\"><path d=\"M416 208H32c-17.67 0-32 14.33-32 32v32c0 17.67 14.33 32 32 32h384c17.67 0 32-14.33 32-32v-32c0-17.67-14.33-32-32-32z\"><\/path><\/svg><\/span>\n\t\t\t<span class='e-closed'><svg aria-hidden=\"true\" class=\"e-font-icon-svg e-fas-plus\" viewBox=\"0 0 448 512\" xmlns=\"http:\/\/www.w3.org\/2000\/svg\"><path d=\"M416 208H272V64c0-17.67-14.33-32-32-32h-32c-17.67 0-32 14.33-32 32v144H32c-17.67 0-32 14.33-32 32v32c0 17.67 14.33 32 32 32h144v144c0 17.67 14.33 32 32 32h32c17.67 0 32-14.33 32-32V304h144c17.67 0 32-14.33 32-32v-32c0-17.67-14.33-32-32-32z\"><\/path><\/svg><\/span>\n\t\t<\/span>\n\n\t\t\t\t\t\t<\/summary>\n\t\t\t\t<div role=\"region\" aria-labelledby=\"e-n-accordion-item-3580\" class=\"elementor-element elementor-element-8f08bb7 e-con-full e-flex e-con e-child\" data-id=\"8f08bb7\" data-element_type=\"container\">\n\t\t<div role=\"region\" aria-labelledby=\"e-n-accordion-item-3580\" class=\"elementor-element elementor-element-09132aa e-flex e-con-boxed e-con e-child\" data-id=\"09132aa\" data-element_type=\"container\">\n\t\t\t\t\t<div class=\"e-con-inner\">\n\t\t\t\t<div class=\"elementor-element elementor-element-a7fb778 elementor-widget elementor-widget-text-editor\" data-id=\"a7fb778\" data-element_type=\"widget\" data-widget_type=\"text-editor.default\">\n\t\t\t\t<div class=\"elementor-widget-container\">\n\t\t\t\t\t\t\t\t\t<h3>Mandato 2025-2026<\/h3>\n<p>PRESIDENTE:<br \/>Marcelo Vieira von Adamek<\/p>\n<p>VICE-PRESIDENTE:<br \/>Fabiana M. Martins de Almeida<\/p>\n<p>DIRETOR CULTURAL:<br \/>Renato Jabur<\/p>\n<p>DIRETOR SOCIAL:<br \/>Glauco da Rocha<\/p>\n<p>DIRETOR ADMINISTRATIVO-FINANCEIRO:<br \/>Andr\u00e9 de Godoy Fernandes<\/p>\n<h3>Mandato 2023-2024<\/h3>\n<p>PRESIDENTE:<br \/>Guilherme Setoguti<\/p>\n<p>VICE-PRESIDENTE:<br \/>Erik F. Oioli<\/p>\n<p>DIRETOR CULTURAL:<br \/>Renato Jabur<\/p>\n<p>DIRETORA SOCIAL:<br \/>Fabiana M. Martins de Almeida<\/p>\n<p>DIRETORA ADMINISTRATIVO-FINANCEIRA:<br \/>Denise Chachamovitz Le\u00e3o de Salles<\/p>\n<h3>Mandato 2021-2022<\/h3>\n<p>PRESIDENTE:<br \/>Andr\u00e9 Grunspun Pitta<\/p>\n<p>VICE-PRESIDENTE:<br \/>Guilherme Setoguti<\/p>\n<p>DIRETOR CULTURAL:<br \/>Renato Jabur<\/p>\n<p>DIRETOR ADMINISTRATIVO-FINANCEIRO:<br \/>Glauco Martins Guerra<\/p>\n<p>DIRETOR SOCIAL:<br \/>Caesar Augustus F. S. Rocha da Silva<\/p>\n<h3>Mandato 2019-2020<\/h3>\n<p>PRESIDENTE:<br \/>Andr\u00e9 Grunspun Pitta<\/p>\n<p>VICE-PRESIDENTE:<br \/>Guilherme Setoguti<\/p>\n<p>DIRETOR CULTURAL:<br \/>Renato Jabur<\/p>\n<p>DIRETOR ADMINISTRATIVO-FINANCEIRO:<br \/>Glauco Martins Guerra<\/p>\n<p>DIRETOR SOCIAL:<br \/>Caesar Augustus F. S. Rocha da Silva<\/p>\n<h3>Mandato 2017-2018<\/h3>\n<p>PRESIDENTE:<br \/>Maristela Sabbag Abla Rossetti<\/p>\n<p>VICE-PRESIDENTE:<br \/>Andr\u00e9 Grunspun Pitta<\/p>\n<p>DIRETOR CULTURAL:<br \/>Henrique Hildebrand Garcia<\/p>\n<p>DIRETOR ADMINISTRATIVO-FINANCEIRO:<br \/>Glauco Martins Guerra<\/p>\n<p>DIRETOR SOCIAL:<br \/>Caesar Augustus F. S. Rocha da Silva<\/p>\n<h3>Mandato 2015-2016<\/h3>\n<p>PRESIDENTE:<br \/>Maristela Sabbag Abla Rossetti<\/p>\n<p>VICE-PRESIDENTE:<br \/>Andr\u00e9 Grunspun Pitta<\/p>\n<p>DIRETOR CULTURAL:<br \/>Henrique Hildebrand Garcia<\/p>\n<p>DIRETORA ADMINISTRATIVO-FINANCEIRA:<br \/>Denise Chachamovitz Le\u00e3o de Salles<\/p>\n<p>DIRETOR SOCIAL:<br \/>Paulo Mattar Filho<\/p>\n<h3>Mandato 2013-2014<\/h3>\n<p>PRESIDENTE:<br \/>Lu\u00eds Andr\u00e9 Negrelli de Moura Azevedo<\/p>\n<p>VICE-PRESIDENTE:<br \/>Maristela Sabbag Abla Rossetti<\/p>\n<p>DIRETOR CULTURAL:<br \/>Marcelo Guedes Nunes<\/p>\n<p>DIRETORA ADMINISTRATIVO-FINANCEIRA:<br \/>Denise Chachamovitz Le\u00e3o de Salles<\/p>\n<p>DIRETOR SOCIAL:<br \/>Paulo Mattar Filho<\/p>\n<h3>Mandato 2011-2012<\/h3>\n<p>PRESIDENTE:<br \/>Lu\u00eds Andr\u00e9 Negrelli de Moura Azevedo<\/p>\n<p>VICE-PRESIDENTE:<br \/>Maristela Sabbag Abla Rossetti<\/p>\n<p>DIRETOR CULTURAL:<br \/>Marcelo Guedes Nunes<\/p>\n<p>DIRETORA ADMINISTRATIVO-FINANCEIRA:<br \/>Denise Chachamovitz Le\u00e3o de Salles<\/p>\n<p>DIRETOR SOCIAL:<br \/>Caesar Augustus Ferreira de Souza Rocha da Silva<\/p>\n<h3>Mandato 2009-2010<\/h3>\n<p>PRESIDENTE:<br \/>Rodrigo Rocha Monteiro de Castro<\/p>\n<p>VICE-PRESIDENTE:<br \/>Maristela Sabbag Abla Rossetti<\/p>\n<p>DIRETOR CULTURAL:<br \/>Marcelo Guedes Nunes<\/p>\n<p>DIRETOR ADMINISTRATIVO-FINANCEIRO:<br \/>Lu\u00eds Andr\u00e9 Negrelli de Moura Azevedo<\/p>\n<p>DIRETOR SOCIAL:<br \/>Caesar Augustus Ferreira de Souza Rocha da Silva<\/p>\n<h3>Mandato 2007-2008<\/h3>\n<p>PRESIDENTE:<br \/>Rodrigo Rocha Monteiro de Castro<\/p>\n<p>VICE-PRESIDENTE:<br \/>Leandro Santos de Arag\u00e3o<\/p>\n<p>DIRETOR CULTURAL:<br \/>Marcelo Guedes Nunes<\/p>\n<p>DIRETOR ADMINISTRATIVO-FINANCEIRO:<br \/>Leandro Martins Guerra<\/p>\n<p>DIRETORA SOCIAL:<br \/>Maristela Sabbag Abla Rossetti<\/p>\n<h3>Mandato 2005-2006<\/h3>\n<p>PRESIDENTE:<br \/>Rodrigo Rocha Monteiro de Castro<\/p>\n<p>VICE-PRESIDENTE:<br \/>Leandro Santos de Arag\u00e3o<\/p>\n<p>DIRETOR CULTURAL:<br \/>Marcelo Guedes Nunes<\/p>\n<p>DIRETOR ADMINISTRATIVO-FINANCEIRO:<br \/>Leandro Martins Guerra<\/p>\n<p>DIRETOR SOCIAL:<br \/>Alexandre Prandini Junior<\/p>\t\t\t\t\t\t\t\t<\/div>\n\t\t\t\t<\/div>\n\t\t\t\t\t<\/div>\n\t\t\t\t<\/div>\n\t\t\t\t<\/div>\n\t\t\t\t\t<\/details>\n\t\t\t\t\t\t<details id=\"e-n-accordion-item-3581\" class=\"e-n-accordion-item\" >\n\t\t\t\t<summary class=\"e-n-accordion-item-title\" data-accordion-index=\"2\" tabindex=\"-1\" aria-expanded=\"false\" aria-controls=\"e-n-accordion-item-3581\" >\n\t\t\t\t\t<span class='e-n-accordion-item-title-header'><div class=\"e-n-accordion-item-title-text\"> Conselho Fiscal <\/div><\/span>\n\t\t\t\t\t\t\t<span class='e-n-accordion-item-title-icon'>\n\t\t\t<span class='e-opened' ><svg aria-hidden=\"true\" class=\"e-font-icon-svg e-fas-minus\" viewBox=\"0 0 448 512\" xmlns=\"http:\/\/www.w3.org\/2000\/svg\"><path d=\"M416 208H32c-17.67 0-32 14.33-32 32v32c0 17.67 14.33 32 32 32h384c17.67 0 32-14.33 32-32v-32c0-17.67-14.33-32-32-32z\"><\/path><\/svg><\/span>\n\t\t\t<span class='e-closed'><svg aria-hidden=\"true\" class=\"e-font-icon-svg e-fas-plus\" viewBox=\"0 0 448 512\" xmlns=\"http:\/\/www.w3.org\/2000\/svg\"><path d=\"M416 208H272V64c0-17.67-14.33-32-32-32h-32c-17.67 0-32 14.33-32 32v144H32c-17.67 0-32 14.33-32 32v32c0 17.67 14.33 32 32 32h144v144c0 17.67 14.33 32 32 32h32c17.67 0 32-14.33 32-32V304h144c17.67 0 32-14.33 32-32v-32c0-17.67-14.33-32-32-32z\"><\/path><\/svg><\/span>\n\t\t<\/span>\n\n\t\t\t\t\t\t<\/summary>\n\t\t\t\t<div role=\"region\" aria-labelledby=\"e-n-accordion-item-3581\" class=\"elementor-element elementor-element-000c851 e-con-full e-flex e-con e-child\" data-id=\"000c851\" data-element_type=\"container\">\n\t\t<div role=\"region\" aria-labelledby=\"e-n-accordion-item-3581\" class=\"elementor-element elementor-element-8aded59 e-flex e-con-boxed e-con e-child\" data-id=\"8aded59\" data-element_type=\"container\">\n\t\t\t\t\t<div class=\"e-con-inner\">\n\t\t\t\t<div class=\"elementor-element elementor-element-e0e80cb elementor-widget elementor-widget-text-editor\" data-id=\"e0e80cb\" data-element_type=\"widget\" data-widget_type=\"text-editor.default\">\n\t\t\t\t<div class=\"elementor-widget-container\">\n\t\t\t\t\t\t\t\t\t<h3>Mandato 2025<\/h3>\n<p>PRESIDENTE DO CONSELHO FISCAL:<br \/>Marcelo Godke Veiga<\/p>\n<p>CONSELHEIRA FISCAL:<br \/>Ana L\u00facia Alves da Costa Arduin<\/p>\n<p>CONSELHEIRO FISCAL:<br \/>Jos\u00e9 Romeu Garcia do Amaral<\/p>\n<h3>Mandatos 2023 e 2024<\/h3>\n<p>PRESIDENTE DO CONSELHO FISCAL:<br \/>Marcelo Godke Veiga<\/p>\n<p>CONSELHEIRO FISCAL:<br \/>Andr\u00e9 de Godoy Fernandes<\/p>\n<p>CONSELHEIRA FISCAL:<br \/>Ana L\u00facia Alves da Costa Arduin<\/p>\t\t\t\t\t\t\t\t<\/div>\n\t\t\t\t<\/div>\n\t\t\t\t\t<\/div>\n\t\t\t\t<\/div>\n\t\t\t\t<\/div>\n\t\t\t\t\t<\/details>\n\t\t\t\t\t\t<details id=\"e-n-accordion-item-3582\" class=\"e-n-accordion-item\" >\n\t\t\t\t<summary class=\"e-n-accordion-item-title\" data-accordion-index=\"3\" tabindex=\"-1\" aria-expanded=\"false\" aria-controls=\"e-n-accordion-item-3582\" >\n\t\t\t\t\t<span class='e-n-accordion-item-title-header'><div class=\"e-n-accordion-item-title-text\"> Conselho de Ex-Presidentes <\/div><\/span>\n\t\t\t\t\t\t\t<span class='e-n-accordion-item-title-icon'>\n\t\t\t<span class='e-opened' ><svg aria-hidden=\"true\" class=\"e-font-icon-svg e-fas-minus\" viewBox=\"0 0 448 512\" xmlns=\"http:\/\/www.w3.org\/2000\/svg\"><path d=\"M416 208H32c-17.67 0-32 14.33-32 32v32c0 17.67 14.33 32 32 32h384c17.67 0 32-14.33 32-32v-32c0-17.67-14.33-32-32-32z\"><\/path><\/svg><\/span>\n\t\t\t<span class='e-closed'><svg aria-hidden=\"true\" class=\"e-font-icon-svg e-fas-plus\" viewBox=\"0 0 448 512\" xmlns=\"http:\/\/www.w3.org\/2000\/svg\"><path d=\"M416 208H272V64c0-17.67-14.33-32-32-32h-32c-17.67 0-32 14.33-32 32v144H32c-17.67 0-32 14.33-32 32v32c0 17.67 14.33 32 32 32h144v144c0 17.67 14.33 32 32 32h32c17.67 0 32-14.33 32-32V304h144c17.67 0 32-14.33 32-32v-32c0-17.67-14.33-32-32-32z\"><\/path><\/svg><\/span>\n\t\t<\/span>\n\n\t\t\t\t\t\t<\/summary>\n\t\t\t\t<div role=\"region\" aria-labelledby=\"e-n-accordion-item-3582\" class=\"elementor-element elementor-element-477fc39 e-con-full e-flex e-con e-child\" data-id=\"477fc39\" data-element_type=\"container\">\n\t\t\t\t<div class=\"elementor-element elementor-element-9f69f1f no-margin elementor-widget elementor-widget-text-editor\" data-id=\"9f69f1f\" data-element_type=\"widget\" data-widget_type=\"text-editor.default\">\n\t\t\t\t<div class=\"elementor-widget-container\">\n\t\t\t\t\t\t\t\t\t<p>Rodrigo Rocha Monteiro de Castro<br \/>Lu\u00eds Andr\u00e9 Negrelli de Moura Azevedo<br \/>Maristela S. Abla Rossetti<\/p>\t\t\t\t\t\t\t\t<\/div>\n\t\t\t\t<\/div>\n\t\t\t\t<\/div>\n\t\t\t\t\t<\/details>\n\t\t\t\t\t\t<details id=\"e-n-accordion-item-3583\" class=\"e-n-accordion-item\" >\n\t\t\t\t<summary class=\"e-n-accordion-item-title\" data-accordion-index=\"4\" tabindex=\"-1\" aria-expanded=\"false\" aria-controls=\"e-n-accordion-item-3583\" >\n\t\t\t\t\t<span class='e-n-accordion-item-title-header'><div class=\"e-n-accordion-item-title-text\"> Galeria de Presidentes <\/div><\/span>\n\t\t\t\t\t\t\t<span class='e-n-accordion-item-title-icon'>\n\t\t\t<span class='e-opened' ><svg aria-hidden=\"true\" class=\"e-font-icon-svg e-fas-minus\" viewBox=\"0 0 448 512\" xmlns=\"http:\/\/www.w3.org\/2000\/svg\"><path d=\"M416 208H32c-17.67 0-32 14.33-32 32v32c0 17.67 14.33 32 32 32h384c17.67 0 32-14.33 32-32v-32c0-17.67-14.33-32-32-32z\"><\/path><\/svg><\/span>\n\t\t\t<span class='e-closed'><svg aria-hidden=\"true\" class=\"e-font-icon-svg e-fas-plus\" viewBox=\"0 0 448 512\" xmlns=\"http:\/\/www.w3.org\/2000\/svg\"><path d=\"M416 208H272V64c0-17.67-14.33-32-32-32h-32c-17.67 0-32 14.33-32 32v144H32c-17.67 0-32 14.33-32 32v32c0 17.67 14.33 32 32 32h144v144c0 17.67 14.33 32 32 32h32c17.67 0 32-14.33 32-32V304h144c17.67 0 32-14.33 32-32v-32c0-17.67-14.33-32-32-32z\"><\/path><\/svg><\/span>\n\t\t<\/span>\n\n\t\t\t\t\t\t<\/summary>\n\t\t\t\t<div role=\"region\" aria-labelledby=\"e-n-accordion-item-3583\" class=\"elementor-element elementor-element-842fa1b e-con-full e-flex e-con e-child\" data-id=\"842fa1b\" data-element_type=\"container\">\n\t\t\t\t<div class=\"elementor-element elementor-element-b1ea3d3 no-margin elementor-widget elementor-widget-text-editor\" data-id=\"b1ea3d3\" data-element_type=\"widget\" data-widget_type=\"text-editor.default\">\n\t\t\t\t<div class=\"elementor-widget-container\">\n\t\t\t\t\t\t\t\t\t<p>Rodrigo Rocha Monteiro de Castro | 2005-2006<br \/>Rodrigo Rocha Monteiro de Castro | 2007-2008<br \/>Rodrigo Rocha Monteiro de Castro | 2009-2010<br \/>Lu\u00eds Andr\u00e9 Negrelli de Moura Azevedo | 2011-2012<br \/>Lu\u00eds Andr\u00e9 Negrelli de Moura Azevedo | 2013-2014<br \/>Maristela Sabbag Abla Rossetti | 2015-2016<br \/>Maristela Sabbag Abla Rossetti | 2017-2018<br \/>Andr\u00e9 Grunspun Pitta | 2019-2020<br \/>Andr\u00e9 Grunspun Pitta | 2021-2022<br \/>Guilherme Setoguti | 2023-2024<\/p>\t\t\t\t\t\t\t\t<\/div>\n\t\t\t\t<\/div>\n\t\t\t\t<\/div>\n\t\t\t\t\t<\/details>\n\t\t\t\t\t<\/div>\n\t\t\t\t\t\t<\/div>\n\t\t\t\t<\/div>\n\t\t\t\t\t<\/div>\n\t\t\t\t<\/div>\n\t\t\t\t<\/div>\n\t\t","protected":false},"excerpt":{"rendered":"<p>O Instituto de Direito Societ\u00e1rio Aplicado \u2013 IDSA \u00e9 uma associa\u00e7\u00e3o civil, sem fins lucrativos, de pesquisa, fomento e promo\u00e7\u00e3o do direito societ\u00e1rio e mercado de capitais, atrav\u00e9s de estudos e debates. Nasceu da iniciativa de um grupo de advogados, estudiosos do direito societ\u00e1rio e do mercado de capitais, que se reuniam, mensalmente, para debater &#8230; <a title=\"Quem Somos\" class=\"read-more\" href=\"https:\/\/idsa.org.br\/site\/quem-somos\/\" aria-label=\"Read more about Quem Somos\">Leia mais<\/a><\/p>\n","protected":false},"author":1,"featured_media":0,"parent":0,"menu_order":0,"comment_status":"closed","ping_status":"closed","template":"","meta":{"_acf_changed":false,"inline_featured_image":false,"pgc_sgb_lightbox_settings":"","footnotes":""},"class_list":["post-401","page","type-page","status-publish"],"acf":[],"_links":{"self":[{"href":"https:\/\/idsa.org.br\/site\/wp-json\/wp\/v2\/pages\/401","targetHints":{"allow":["GET"]}}],"collection":[{"href":"https:\/\/idsa.org.br\/site\/wp-json\/wp\/v2\/pages"}],"about":[{"href":"https:\/\/idsa.org.br\/site\/wp-json\/wp\/v2\/types\/page"}],"author":[{"embeddable":true,"href":"https:\/\/idsa.org.br\/site\/wp-json\/wp\/v2\/users\/1"}],"replies":[{"embeddable":true,"href":"https:\/\/idsa.org.br\/site\/wp-json\/wp\/v2\/comments?post=401"}],"version-history":[{"count":27,"href":"https:\/\/idsa.org.br\/site\/wp-json\/wp\/v2\/pages\/401\/revisions"}],"predecessor-version":[{"id":4080,"href":"https:\/\/idsa.org.br\/site\/wp-json\/wp\/v2\/pages\/401\/revisions\/4080"}],"wp:attachment":[{"href":"https:\/\/idsa.org.br\/site\/wp-json\/wp\/v2\/media?parent=401"}],"curies":[{"name":"wp","href":"https:\/\/api.w.org\/{rel}","templated":true}]}}